{"id":705,"date":"2017-09-18T10:46:12","date_gmt":"2017-09-18T10:46:12","guid":{"rendered":"http:\/\/luova.test\/?page_id=705"},"modified":"2020-02-26T23:30:49","modified_gmt":"2020-02-26T23:30:49","slug":"about-us","status":"publish","type":"page","link":"https:\/\/luovatechnologie.com\/fr\/about-us\/","title":{"rendered":"\u00c0 propos"},"content":{"rendered":"<div class=\"wpb-content-wrapper\"><div data-vc-full-width=\"true\" data-vc-full-width-init=\"false\" data-vc-stretch-content=\"true\" class=\"vc_row wpb_row vc_row-fluid vc_row-5e23442fb9403 vc_row-no-padding\"><div class=\"wpb_column vc_column_container vc_col-sm-12 vc_row-69dc4c22cdfb9\"><div class=\"vc_column-inner\"><div class=\"wpb_wrapper\"><div class=\"banner-area banner-area-5e23447222dca banner-color-inherit\"><div class=\"banner-social-buttons\"><div class=\"links\"><a href=\"#\" class=\"item\" target=\"_self\"\"><i class=\"fab fa-twitter\"><\/i><span>Twitter<\/span><\/a><a href=\"#\" class=\"item\" target=\"_self\"\"><i class=\"fab fa-facebook-f\"><\/i><span>Facebook<\/span><\/a><a href=\"#\" class=\"item\" target=\"_self\"\"><i class=\"fab fa-instagram\"><\/i><span>Instagram<\/span><\/a><\/div><\/div><div class=\"banner banner-5e23447222dca  arrows-left pagination-left\" style=\"\"><div class=\"item banner-item-5e2344a3aab18 tac white\">\r\n      <div class=\"bg-image\" style=\"background-image: url(https:\/\/luovatechnologie.com\/wp-content\/uploads\/2020\/01\/Landing-02-scaled.jpg)\"><\/div>\r\n      \r\n      \r\n      <div class=\"container\">\r\n        <div class=\"cell middle\">\r\n          <div class=\"heading\">\r\n        \r\n        <h1 class=\"h\">Votre succ\u00e8s en ligne commence avec nous<br \/>\n<span>Cr\u00e9ons-le ensemble<\/span><\/h1>\r\n      <\/div>\r\n          \r\n          \r\n          \r\n        <\/div>\r\n      <\/div>\r\n    <\/div><\/div><\/div><\/div><\/div><\/div><\/div><div class=\"vc_row-full-width vc_clearfix\"><\/div><div class=\"vc_row wpb_row vc_row-fluid vc_row-69dc4c22cec10\"><div class=\"wpb_animate_when_almost_visible wpb_fadeIn fadeIn wpb_column vc_column_container vc_col-sm-12 vc_row-69dc4c22ced06\"><div class=\"vc_column-inner vc_custom_1506084142423\"><div class=\"wpb_wrapper\">      <div class=\"heading-block heading-5d67b7e3a17a4 tac h-h2 with-line vc_custom_1579566902582\">\n                  <h2 class=\"h\">Pourquoi choisir <span>NOUS<\/span><\/h2>\n              <\/div>\n    <div class=\"vc_row wpb_row vc_inner vc_row-fluid vc_row-o-equal-height vc_row-flex\"><div class=\"wpb_column vc_column_container vc_col-sm-4\"><div class=\"vc_column-inner vc_custom_1505483962485\"><div class=\"wpb_wrapper\"><div class=\"vc_icon_element vc_icon_element-outer vc_do_icon vc_icon_element-align-center vc_icon_element-have-style\"><div class=\"vc_icon_element-inner vc_icon_element-color-custom vc_icon_element-have-style-inner vc_icon_element-size-xl vc_icon_element-style-rounded-outline vc_icon_element-outline vc_icon_element-background-color-custom\"  style=\"border-color:#c48f56\"><span class=\"vc_icon_element-icon web-design-icon-diamond\" ><\/span><\/div><\/div>\n\t<div class=\"wpb_text_column wpb_content_element\" >\n\t\t<div class=\"wpb_wrapper\">\n\t\t\t<h6 style=\"text-align: center;\"><span style=\"text-transform: uppercase;\">La cr\u00e9ativit\u00e9<\/span><\/h6>\n<h6 style=\"text-align: center;\"><span style=\"font-size: 14px;\"><em><span style=\"font-weight: 300;\">Nous mettons notre exp\u00e9rience diversifi\u00e9e de la publicit\u00e9, du design, de l&#039;image de marque, de la recherche et de la planification strat\u00e9gique au service de votre entreprise. Non seulement vos mat\u00e9riaux auront fi\u00e8re allure, mais ils obtiendront des r\u00e9sultats.<\/span><\/em><\/span><\/h6>\n\n\t\t<\/div>\n\t<\/div>\n<\/div><\/div><\/div><div class=\"wpb_column vc_column_container vc_col-sm-4\"><div class=\"vc_column-inner vc_custom_1505483969540\"><div class=\"wpb_wrapper\"><div class=\"vc_icon_element vc_icon_element-outer vc_do_icon vc_icon_element-align-center vc_icon_element-have-style\"><div class=\"vc_icon_element-inner vc_icon_element-color-custom vc_icon_element-have-style-inner vc_icon_element-size-xl vc_icon_element-style-rounded-outline vc_icon_element-outline vc_icon_element-background-color-custom\"  style=\"border-color:#c48f56\"><span class=\"vc_icon_element-icon web-design-icon-computer\" ><\/span><\/div><\/div>\n\t<div class=\"wpb_text_column wpb_content_element\" >\n\t\t<div class=\"wpb_wrapper\">\n\t\t\t<h6 style=\"text-align: center;\"><span style=\"text-transform: uppercase;\">Comp\u00e9tences professionnelles<\/span><\/h6>\n<p style=\"text-align: center;\"><span style=\"font-size: 14px;\"><em><span style=\"font-weight: 300;\">Nous avons l&#039;\u00e9quipe d&#039;experts n\u00e9cessaire dans ce m\u00e9tier et les outils n\u00e9cessaires<\/span><\/em><\/span><span style=\"font-size: 14px;\"><em><span style=\"font-weight: 300;\"> afin de produire les r\u00e9sultats que vous attendez de votre entreprise. Nous ne sommes heureux que lorsque vous l&#039;\u00eates\u00a0<\/span><\/em><\/span><\/p>\n\n\t\t<\/div>\n\t<\/div>\n<\/div><\/div><\/div><div class=\"wpb_column vc_column_container vc_col-sm-4\"><div class=\"vc_column-inner vc_custom_1505483974400\"><div class=\"wpb_wrapper\"><div class=\"vc_icon_element vc_icon_element-outer vc_do_icon vc_icon_element-align-center vc_icon_element-have-style\"><div class=\"vc_icon_element-inner vc_icon_element-color-custom vc_icon_element-have-style-inner vc_icon_element-size-xl vc_icon_element-style-rounded-outline vc_icon_element-outline vc_icon_element-background-color-custom\"  style=\"border-color:#c48f56\"><span class=\"vc_icon_element-icon fab fa-gg\" ><\/span><\/div><\/div>\n\t<div class=\"wpb_text_column wpb_content_element\" >\n\t\t<div class=\"wpb_wrapper\">\n\t\t\t<h6 style=\"text-align: center;\"><span style=\"text-transform: uppercase;\">des prix \u00e9quitables<\/span><\/h6>\n<p style=\"text-align: center;\"><span style=\"font-size: 14px;\"><em><span style=\"font-weight: 300;\">Nos prix sont comp\u00e9titifs et \u00e9quitables. Il n&#039;y a pas de facture surprise. Toutes d\u00e9penses impr\u00e9vues ou suppl\u00e9mentaires. C&#039;est ainsi que nous aimerions \u00eatre trait\u00e9s, et c&#039;est ainsi que nos clients sont trait\u00e9s.<\/span><\/em><\/span><\/p>\n\n\t\t<\/div>\n\t<\/div>\n<\/div><\/div><\/div><div class=\"wpb_column vc_column_container vc_col-sm-4\"><div class=\"vc_column-inner vc_custom_1505483979333\"><div class=\"wpb_wrapper\"><div class=\"vc_icon_element vc_icon_element-outer vc_do_icon vc_icon_element-align-center vc_icon_element-have-style\"><div class=\"vc_icon_element-inner vc_icon_element-color-custom vc_icon_element-have-style-inner vc_icon_element-size-xl vc_icon_element-style-rounded-outline vc_icon_element-outline vc_icon_element-background-color-custom\"  style=\"border-color:#c48f56\"><span class=\"vc_icon_element-icon multimedia-icon-locate\" ><\/span><\/div><\/div>\n\t<div class=\"wpb_text_column wpb_content_element\" >\n\t\t<div class=\"wpb_wrapper\">\n\t\t\t<h6 style=\"text-align: center;\"><span style=\"text-transform: uppercase;\">Succ\u00e8s<\/span><\/h6>\n<p style=\"text-align: center;\"><span style=\"font-size: 14px;\"><em><span style=\"font-weight: 300;\">Nous aimons conna\u00eetre chacun de nos clients et nous investir dans leur r\u00e9ussite. Nous ne faisons pas que le travail, nous construisons des relations qui donnent des r\u00e9sultats.<\/span><\/em><\/span><\/p>\n\n\t\t<\/div>\n\t<\/div>\n<\/div><\/div><\/div><div class=\"wpb_column vc_column_container vc_col-sm-4\"><div class=\"vc_column-inner vc_custom_1505483984191\"><div class=\"wpb_wrapper\"><div class=\"vc_icon_element vc_icon_element-outer vc_do_icon vc_icon_element-align-center vc_icon_element-have-style\"><div class=\"vc_icon_element-inner vc_icon_element-color-custom vc_icon_element-have-style-inner vc_icon_element-size-xl vc_icon_element-style-rounded-outline vc_icon_element-outline vc_icon_element-background-color-custom\"  style=\"border-color:#c48f56\"><span class=\"vc_icon_element-icon photo-icon-eye\" ><\/span><\/div><\/div>\n\t<div class=\"wpb_text_column wpb_content_element\" >\n\t\t<div class=\"wpb_wrapper\">\n\t\t\t<h6 style=\"text-align: center;\"><span style=\"text-transform: uppercase;\">Transparence<\/span><\/h6>\n<p style=\"text-align: center;\"><span style=\"font-size: 14px;\"><em><span style=\"font-weight: 300;\">Nous sommes visibles et ouverts - nous savons que <\/span><span style=\"font-weight: 300;\">la communication est la cl\u00e9 du succ\u00e8s.<\/span><span style=\"font-weight: 300;\">\u00a0Vous parlez, nous \u00e9coutons\u2026 puis nous jetons beaucoup d&#039;id\u00e9es d&#039;am\u00e9lioration.<\/span><\/em><\/span><\/p>\n\n\t\t<\/div>\n\t<\/div>\n<\/div><\/div><\/div><div class=\"wpb_column vc_column_container vc_col-sm-4\"><div class=\"vc_column-inner vc_custom_1505483989290\"><div class=\"wpb_wrapper\"><div class=\"vc_icon_element vc_icon_element-outer vc_do_icon vc_icon_element-align-center vc_icon_element-have-style\"><div class=\"vc_icon_element-inner vc_icon_element-color-custom vc_icon_element-have-style-inner vc_icon_element-size-xl vc_icon_element-style-rounded-outline vc_icon_element-outline vc_icon_element-background-color-custom\"  style=\"border-color:#c48f56\"><span class=\"vc_icon_element-icon web-application-icon-award-badge-1\" ><\/span><\/div><\/div>\n\t<div class=\"wpb_text_column wpb_content_element\" >\n\t\t<div class=\"wpb_wrapper\">\n\t\t\t<h6 style=\"text-align: center;\"><span style=\"text-transform: uppercase;\">qualit\u00e9<\/span><\/h6>\n<p style=\"text-align: center;\"><span style=\"font-size: 14px;\"><em><span style=\"font-weight: 300;\">Nous offrons en toute confiance \u00e0 votre entreprise des services premium de haute qualit\u00e9. Nous travaillons avec vous personnellement pour comprendre votre public cible et r\u00e9pondre \u00e0 leurs besoins.<\/span><\/em><\/span><\/p>\n\n\t\t<\/div>\n\t<\/div>\n<\/div><\/div><\/div><\/div><\/div><\/div><\/div><\/div><div class=\"vc_row wpb_row vc_row-fluid vc_custom_1505376354305 vc_row-69dc4c22d02c8 vc_row-o-equal-height vc_row-o-content-middle vc_row-flex\"><div class=\"wpb_animate_when_almost_visible wpb_fadeInLeft fadeInLeft wpb_column vc_column_container vc_col-sm-6 vc_row-69dc4c22d0379 vc_col-has-fill\"><div class=\"vc_column-inner vc_custom_1582759832264\"><div class=\"wpb_wrapper\"><\/div><\/div><\/div><div class=\"wpb_animate_when_almost_visible wpb_fadeInRight fadeInRight wpb_column vc_column_container vc_col-sm-6 vc_row-69dc4c22d03fc vc_col-has-fill\"><div class=\"vc_column-inner vc_custom_1506082505573\"><div class=\"wpb_wrapper\">      <div class=\"heading-block heading-5d67a36dc7e98 tal h-h3 with-line\">\n                  <h3 class=\"h\">Sur <span>Luova Technologie<\/span><\/h3>\n              <\/div>\n    \n\t<div class=\"wpb_text_column wpb_content_element\" >\n\t\t<div class=\"wpb_wrapper\">\n\t\t\t<p><span style=\"font-weight: 300; line-height: 30px;\">Luova Technologie is a team of professionals who can provide the best solutions at everything related to web design, graphic design, video services and programming. As full-service branding and marketing firm we help companies emphasize their strengths and elevate their brands.<\/span><\/p>\n<p><span style=\"font-weight: 300; line-height: 30px;\">Notre mission est d&#039;aider les entreprises \u00e0 mieux r\u00e9ussir dans le monde num\u00e9rique.<br \/>\nNous travaillons avec des entreprises qui souhaitent soit mettre leur succ\u00e8s hors ligne en ligne, soit am\u00e9liorer leur pr\u00e9sence en ligne actuelle pour obtenir plus de clients et cr\u00e9er une marque en ligne m\u00e9morable.<\/span><\/p>\n<p><span style=\"font-weight: 300; line-height: 30px;\">Nous travaillons avec soin - en prenant le temps de comprendre vos buts et vos objectifs commerciaux. Nous sommes vos partenaires, vous pouvez donc \u00eatre rassur\u00e9s que nous travaillerons avec vous pour concevoir, livrer et soutenir des solutions performantes qui vous accordent un avantage commercial significatif.<\/span><\/p>\n\n\t\t<\/div>\n\t<\/div>\n<\/div><\/div><\/div><\/div><div class=\"vc_row wpb_row vc_row-fluid vc_row-69dc4c22d05f0\"><div class=\"wpb_column vc_column_container vc_col-sm-12 vc_row-69dc4c22d0686\"><div class=\"vc_column-inner\"><div class=\"wpb_wrapper\">\n\t<div class=\"wpb_text_column wpb_content_element\" >\n\t\t<div class=\"wpb_wrapper\">\n\t\t\t<p><a href=\"https:\/\/luovatechnologie.com\/fr\/services\/\"><\/p>\n\n\t\t<\/div>\n\t<\/div>\n<\/div><\/div><\/div><\/div><div data-vc-full-width=\"true\" data-vc-full-width-init=\"false\" data-vc-stretch-content=\"true\" class=\"vc_row wpb_row vc_row-fluid vc_custom_1579371956410 vc_row-69dc4c22d079c vc_row-has-fill vc_row-no-padding\">\n    <div class=\"bg-overlay\">\n          <\/div>\n\n    <div class=\"wpb_column vc_column_container vc_col-sm-12 vc_row-69dc4c22d0831\"><div class=\"vc_column-inner\"><div class=\"wpb_wrapper\">      <div class=\"heading-block heading-5e234d49d4998 tac h-h2 with-line\">\n                  <div class=\"sub-h\">Ce que nous faisons<\/div>\n                  <h2 class=\"h\">D\u00e9couvrez notre <span>Services<\/span><\/h2>\n              <\/div>\n    <\/div><\/div><\/div><\/div><div class=\"vc_row-full-width vc_clearfix\"><\/div><div class=\"vc_row wpb_row vc_row-fluid vc_row-69dc4c22d0931\"><div class=\"wpb_column vc_column_container vc_col-sm-12 vc_row-69dc4c22d09af\"><div class=\"vc_column-inner\"><div class=\"wpb_wrapper\">\n\t<div class=\"wpb_text_column wpb_content_element\" >\n\t\t<div class=\"wpb_wrapper\">\n\t\t\t<p><\/a><\/p>\n\n\t\t<\/div>\n\t<\/div>\n<\/div><\/div><\/div><\/div><div class=\"vc_row wpb_row vc_row-fluid vc_row-69dc4c22d0ab1\"><div class=\"wpb_animate_when_almost_visible wpb_fadeInUp fadeInUp wpb_column vc_column_container vc_col-sm-12 vc_row-69dc4c22d0b43\"><div class=\"vc_column-inner\"><div class=\"wpb_wrapper\">      <div class=\"heading-block heading-5d67a602a4269 tac h-h3 with-line\">\n                  <h3 class=\"h\">T\u00e9moignages<\/h3>\n              <\/div>\n    <div class=\"testimonials row testimonials-5e171a367779b\"><div class=\"item\"><div class=\"row\"><div class=\"col-12 col-sm-6 image\"><div style=\"background-image: url(https:\/\/luovatechnologie.com\/wp-content\/uploads\/2020\/01\/23926573_1491161664253362_949651382866384267_o.jpg)\"><\/div><\/div><div class=\"col-12 col-sm-6 offset-sm-6\"><div class=\"quote\"><div class=\"q\">&quot;<\/div>\u00abCe fut une exp\u00e9rience formidable de travailler avec Luova Technologie, et je serai certainement de nouveau partenaire avec eux. Je travaille avec eux depuis quelques mois pour notre site Web et je suis satisfait de la fa\u00e7on dont ils ont g\u00e9r\u00e9 mon projet. Ils sont toujours pr\u00eats \u00e0 explorer mes id\u00e9es et mes requ\u00eates et \u00e0 r\u00e9pondre rapidement, faisant preuve d&#039;un professionnalisme complet. \u00bb<\/div><h4>Youssef Jdidou<\/h4><div class=\"post\">Pr\u00e9sident - Association de la recherche scientifique, de l&#039;innovation et de la technologie<\/div><\/div><\/div><\/div><div class=\"item\"><div class=\"row\"><div class=\"col-12 col-sm-6 image\"><div style=\"background-image: url(https:\/\/luovatechnologie.com\/wp-content\/uploads\/2020\/01\/xXrWJu10.jpg)\"><\/div><\/div><div class=\"col-12 col-sm-6 offset-sm-6\"><div class=\"quote\"><div class=\"q\">&quot;<\/div>\u00abJe recommanderais \u00e0 tout le monde de choisir Luova Technologie pour obtenir un travail \u00e9conomique et de qualit\u00e9. La bonne chose \u00e0 propos de ces gars-l\u00e0, c&#039;est qu&#039;ils gardent tout transparent et n&#039;ont rien \u00e0 cacher. Comme ils le disent, des id\u00e9es? Livr\u00e9. &quot;<\/div><h4>Badr Touis<\/h4><div class=\"post\">CEO &amp; Founder chez KIJATECH \/ President chez Phionyx Solutions<\/div><\/div><\/div><\/div><\/div><\/div><\/div><\/div><\/div>\n<\/div>","protected":false},"excerpt":{"rendered":"Facebook","protected":false},"author":1,"featured_media":0,"parent":0,"menu_order":0,"comment_status":"closed","ping_status":"closed","template":"template-landing.php","meta":{"footnotes":""},"class_list":["post-705","page","type-page","status-publish","hentry"],"_links":{"self":[{"href":"https:\/\/luovatechnologie.com\/fr\/wp-json\/wp\/v2\/pages\/705","targetHints":{"allow":["GET"]}}],"collection":[{"href":"https:\/\/luovatechnologie.com\/fr\/wp-json\/wp\/v2\/pages"}],"about":[{"href":"https:\/\/luovatechnologie.com\/fr\/wp-json\/wp\/v2\/types\/page"}],"author":[{"embeddable":true,"href":"https:\/\/luovatechnologie.com\/fr\/wp-json\/wp\/v2\/users\/1"}],"replies":[{"embeddable":true,"href":"https:\/\/luovatechnologie.com\/fr\/wp-json\/wp\/v2\/comments?post=705"}],"version-history":[{"count":0,"href":"https:\/\/luovatechnologie.com\/fr\/wp-json\/wp\/v2\/pages\/705\/revisions"}],"wp:attachment":[{"href":"https:\/\/luovatechnologie.com\/fr\/wp-json\/wp\/v2\/media?parent=705"}],"curies":[{"name":"wp","href":"https:\/\/api.w.org\/{rel}","templated":true}]}}