{"id":1019,"date":"2018-03-12T10:29:08","date_gmt":"2018-03-12T10:29:08","guid":{"rendered":"http:\/\/luova.test\/?page_id=1019"},"modified":"2020-06-13T14:39:59","modified_gmt":"2020-06-13T14:39:59","slug":"services","status":"publish","type":"page","link":"https:\/\/luovatechnologie.com\/fr\/services\/","title":{"rendered":"Services"},"content":{"rendered":"<div class=\"wpb-content-wrapper\"><div data-vc-full-width=\"true\" data-vc-full-width-init=\"false\" data-vc-stretch-content=\"true\" class=\"vc_row wpb_row vc_row-fluid vc_row-69ea372e40903 vc_row-no-padding\"><div class=\"wpb_column vc_column_container vc_col-sm-12 vc_row-69ea372e40aff\"><div class=\"vc_column-inner\"><div class=\"wpb_wrapper\"><div class=\"split-screen split-screen-69ea372e40bb7\"><div class=\"item\"><div class=\"image\"><div class=\"img-item\" style=\"background-image: url(https:\/\/luovatechnologie.com\/wp-content\/uploads\/2020\/02\/web-.jpg);\"><\/div><div class=\"img-item\" style=\"background-image: url(https:\/\/luovatechnologie.com\/wp-content\/uploads\/2020\/01\/diabor-phone-scaled.jpg);\"><\/div><div class=\"img-item\" style=\"background-image: url(https:\/\/luovatechnologie.com\/wp-content\/uploads\/2020\/01\/1-1-scaled.jpg);\"><\/div><div class=\"img-item\" style=\"background-image: url(https:\/\/luovatechnologie.com\/wp-content\/uploads\/2020\/01\/Cell-phone-Mockup3-scaled.jpg);\"><\/div><\/div><div class=\"content\"><div class=\"cell\">      <div class=\"heading-block heading-5d665e75cdf1c tal h-h2 with-line\">\n                  <div class=\"sub-h\">Ce que nous faisons<\/div>\n                  <h2 class=\"h\">Cr\u00e9ation de sites web<\/h2>\n              <\/div>\n    \n\t<div class=\"wpb_text_column wpb_content_element\" >\n\t\t<div class=\"wpb_wrapper\">\n\t\t\t<p><span style=\"font-weight: 300; line-height: 30px;\">La conception Web est plus que de jolies images sur un \u00e9cran. Chez Luova Technologie, <\/span><span style=\"font-weight: 300; line-height: 30px;\">Nous pensons que votre site Web est le prolongement naturel de l'histoire de votre marque qui donne le ton \u00e0 votre pr\u00e9sence en ligne. notre processus de collaboration vous implique vous ainsi que votre \u00e9quipe \u00e0 chaque \u00e9tape du processus, garantissant que votre nouveau site est quelque chose qui vous repr\u00e9sente vous et votre entreprise tout en vous poussant au niveau suivant.<\/span><\/p>\n\n\t\t<\/div>\n\t<\/div>\n    <div class=\"icon-box-block icon-box-block-5e2b145ad2d9f  wpb_animate_when_almost_visible wpb_fadeInUp fadeInUp row\">\n          <div class=\"col-12 col-md-4 col-lg-4 col-xl-4\">\n      <div class=\"icon-box icon-box-style-5e2b14694be2d\">\n                  <div class=\"icon\"><i class=\"fas fa-code\"><\/i><\/div>\n                  <h5 class=\"title\">Web App<\/h5>\n              <\/div>\n    <\/div>\n        <div class=\"col-12 col-md-4 col-lg-4 col-xl-4\">\n      <div class=\"icon-box icon-box-style-5e2b14acdc630\">\n                  <div class=\"icon\"><i class=\"fab fa-wordpress\"><\/i><\/div>\n                  <h5 class=\"title\">Wordpress<\/h5>\n              <\/div>\n    <\/div>\n        <div class=\"col-12 col-md-4 col-lg-4 col-xl-4\">\n      <div class=\"icon-box icon-box-style-5e2b14e92c669\">\n                  <div class=\"icon\"><i class=\"fas fa-laptop-code\"><\/i><\/div>\n                  <h5 class=\"title\">CMS<\/h5>\n              <\/div>\n    <\/div>\n        <\/div>\n    <\/div><\/div><\/div><div class=\"item\"><div class=\"image\"><div class=\"img-item\" style=\"background-image: url(https:\/\/luovatechnologie.com\/wp-content\/uploads\/2020\/02\/ecom.jpg);\"><\/div><div class=\"img-item\" style=\"background-image: url(https:\/\/luovatechnologie.com\/wp-content\/uploads\/2020\/01\/diabor-phone-scaled.jpg);\"><\/div><div class=\"img-item\" style=\"background-image: url(https:\/\/luovatechnologie.com\/wp-content\/uploads\/2020\/01\/diabor.jpg);\"><\/div><div class=\"img-item\" style=\"background-image: url(https:\/\/luovatechnologie.com\/wp-content\/uploads\/2020\/01\/DEABOR-POST-2-01.jpg);\"><\/div><\/div><div class=\"content\"><div class=\"cell\">      <div class=\"heading-block heading-5d6675fe983b0 tal h-h2 with-line\">\n                  <div class=\"sub-h\">Ce que nous faisons<\/div>\n                  <h2 class=\"h\">Commerce \u00e9lectronique<\/h2>\n              <\/div>\n    \n\t<div class=\"wpb_text_column wpb_content_element\" >\n\t\t<div class=\"wpb_wrapper\">\n\t\t\t<p><span style=\"font-weight: 300; line-height: 30px;\">Nous donnons vie \u00e0 votre entreprise \u00e0 l&#039;\u00e9cran. Que vous vendiez des chaussures ou des logiciels, notre \u00e9quipe travaille avec vous pour d\u00e9couvrir les tenants et aboutissants de votre entreprise. De cette fa\u00e7on, nous sommes en mesure de capturer totalement tous vos besoins, vos d\u00e9sirs et m\u00eame ces \u00abbons \u00e0 avoir\u00bb.<\/span><\/p>\n\n\t\t<\/div>\n\t<\/div>\n<div class=\"skill-item-line  wpb_animate_when_almost_visible wpb_fadeInRight fadeInRight\"><h6>WooCommerce<\/h6><div class=\"line\"><div style=\"width: 95%;\"><span>95%<\/span><\/div><\/div><\/div><div class=\"skill-item-line  wpb_animate_when_almost_visible wpb_fadeInRight fadeInRight\"><h6>Shopify<\/h6><div class=\"line\"><div style=\"width: 90%;\"><span>90%<\/span><\/div><\/div><\/div><div class=\"skill-item-line  wpb_animate_when_almost_visible wpb_fadeInRight fadeInRight\"><h6>Prestashop<\/h6><div class=\"line\"><div style=\"width: 84%;\"><span>84%<\/span><\/div><\/div><\/div><\/div><\/div><\/div><div class=\"item\"><div class=\"image\"><div class=\"img-item\" style=\"background-image: url(https:\/\/luovatechnologie.com\/wp-content\/uploads\/2020\/02\/video.jpg);\"><\/div><\/div><div class=\"content\"><div class=\"cell\">      <div class=\"heading-block heading-5d667628d9a83 tal h-h2 with-line\">\n                  <div class=\"sub-h\">Ce que nous faisons<\/div>\n                  <h2 class=\"h\">Services vid\u00e9o<\/h2>\n              <\/div>\n    \n\t<div class=\"wpb_text_column wpb_content_element\" >\n\t\t<div class=\"wpb_wrapper\">\n\t\t\t<p><span style=\"font-weight: 300; line-height: 30px;\">La production de contenu vid\u00e9o d&#039;entreprise pr\u00e9sente de nombreux avantages pour les entreprises. D&#039;une part, il vous donne le micro pour transmettre votre histoire aux masses. <\/span><span style=\"font-weight: 300; line-height: 30px;\">Chez Luova Technologie, nous produisons des vid\u00e9os cr\u00e9atives pour faire briller votre entreprise. Des vid\u00e9os artistiques qui inspirent aux publicit\u00e9s d\u00e9montrant votre service. Nous utilisons la narration pour structurer le message de votre entreprise<\/span><\/p>\n\n\t\t<\/div>\n\t<\/div>\n    <div class=\"icon-box-block icon-box-block-5e2b233678d29  wpb_animate_when_almost_visible wpb_fadeInUp fadeInUp row\">\n          <div class=\"col-12 col-md-4\">\n      <div class=\"icon-box icon-box-style-5e2b239b24c2f\">\n                  <div class=\"icon\"><i class=\"music-and-multimedia-video-camera\"><\/i><\/div>\n                  <h5 class=\"title\">Tournage et montage<\/h5>\n              <\/div>\n    <\/div>\n        <div class=\"col-12 col-md-4\">\n      <div class=\"icon-box icon-box-style-5e2b24276dca7\">\n                  <div class=\"icon\"><i class=\"music-and-multimedia-eject-button\"><\/i><\/div>\n                  <h5 class=\"title\">Des animations<\/h5>\n              <\/div>\n    <\/div>\n        <div class=\"col-12 col-md-4\">\n      <div class=\"icon-box icon-box-style-5e2b2459b8876\">\n                  <div class=\"icon\"><i class=\"music-and-multimedia-video-player\"><\/i><\/div>\n                  <h5 class=\"title\">Vid\u00e9os marketing<\/h5>\n              <\/div>\n    <\/div>\n        <\/div>\n    <\/div><\/div><\/div><div class=\"item\"><div class=\"image\"><div class=\"img-item\" style=\"background-image: url(https:\/\/luovatechnologie.com\/wp-content\/uploads\/2020\/02\/Branding.jpg);\"><\/div><div class=\"img-item\" style=\"background-image: url(https:\/\/luovatechnologie.com\/wp-content\/uploads\/2020\/01\/58856283684969.5d43d834d55c2.png);\"><\/div><div class=\"img-item\" style=\"background-image: url(https:\/\/luovatechnologie.com\/wp-content\/uploads\/2020\/01\/e971be83684969.5d43d19e1da1a.png);\"><\/div><div class=\"img-item\" style=\"background-image: url(https:\/\/luovatechnologie.com\/wp-content\/uploads\/2020\/01\/2-2.png);\"><\/div><div class=\"img-item\" style=\"background-image: url(https:\/\/luovatechnologie.com\/wp-content\/uploads\/2020\/01\/7-1.png);\"><\/div><div class=\"img-item\" style=\"background-image: url(https:\/\/luovatechnologie.com\/wp-content\/uploads\/2020\/01\/2c1e9777057007.5c7cc68b419e1.png);\"><\/div><div class=\"img-item\" style=\"background-image: url(https:\/\/luovatechnologie.com\/wp-content\/uploads\/2020\/01\/8.png);\"><\/div><\/div><div class=\"content\"><div class=\"cell\">      <div class=\"heading-block heading-5e2b3f60a5acf tal h-h2 with-line\">\n                  <div class=\"sub-h\">Ce que nous faisons<\/div>\n                  <h2 class=\"h\">l&#039;image de marque<\/h2>\n              <\/div>\n    \n\t<div class=\"wpb_text_column wpb_content_element\" >\n\t\t<div class=\"wpb_wrapper\">\n\t\t\t<p><span style=\"font-weight: 300; line-height: 30px;\">Votre identit\u00e9 visuelle influence la fa\u00e7on dont les consommateurs aper\u00e7oivent votre marque, parfois, avant m\u00eame de s&#039;y engager. Nous vous aidons \u00e0 identifier qui vous \u00eates et \u00e0 qui vous souhaitez faire appel. \u00c0 partir de l\u00e0, nous travaillons pour comprendre la personnalit\u00e9 de votre marque et vous aider \u00e0 d\u00e9voiler votre attrait \u00e9motionnel. Nous vous aiderons \u00e0 choisir une palette de couleurs en utilisant la psychologie des couleurs; s\u00e9lectionnez votre typographie et cr\u00e9ez un logo unique (ou actualisez votre logo actuel).<\/span><\/p>\n\n\t\t<\/div>\n\t<\/div>\n    <div class=\"icon-box-block icon-box-block-5e2b3d5e73740 row\">\n          <div class=\"col-4 col-sm-4 col-md-4 col-lg-4 col-xl-4\">\n      <div class=\"icon-box icon-box-style-5e2b3f7e0c4f2\">\n                  <div class=\"icon\"><i class=\"web-design-icon-ai\"><\/i><\/div>\n              <\/div>\n    <\/div>\n        <div class=\"col-4 col-sm-4 col-md-4 col-lg-4 col-xl-4\">\n      <div class=\"icon-box icon-box-style-5e2b3d67fdec6\">\n                  <div class=\"icon\"><i class=\"web-design-icon-crop\"><\/i><\/div>\n              <\/div>\n    <\/div>\n        <div class=\"col-4 col-sm-4 col-md-4 col-lg-4 col-xl-4\">\n      <div class=\"icon-box icon-box-style-5e2b3d820b44c\">\n                  <div class=\"icon\"><i class=\"web-design-icon-text-height\"><\/i><\/div>\n              <\/div>\n    <\/div>\n        <div class=\"col-4 col-sm-4 col-md-4 col-lg-4 col-xl-4\">\n      <div class=\"icon-box icon-box-style-5e2b3daab0999\">\n                  <div class=\"icon\"><i class=\"web-design-icon-vector-2\"><\/i><\/div>\n              <\/div>\n    <\/div>\n        <div class=\"col-4 col-sm-4 col-md-4 col-lg-4 col-xl-4\">\n      <div class=\"icon-box icon-box-style-5e2b3dd81dfd9\">\n                  <div class=\"icon\"><i class=\"web-design-icon-paint-roller\"><\/i><\/div>\n              <\/div>\n    <\/div>\n        <div class=\"col-4 col-sm-4 col-md-4 col-lg-4 col-xl-4\">\n      <div class=\"icon-box icon-box-style-5e2b3f6c0c628\">\n                  <div class=\"icon\"><i class=\"web-design-icon-allocation-1\"><\/i><\/div>\n              <\/div>\n    <\/div>\n        <\/div>\n    <\/div><\/div><\/div><div class=\"item\"><div class=\"image\"><div class=\"img-item\" style=\"background-image: url(https:\/\/luovatechnologie.com\/wp-content\/uploads\/2020\/02\/design.jpg);\"><\/div><div class=\"img-item\" style=\"background-image: url(https:\/\/luovatechnologie.com\/wp-content\/uploads\/2020\/01\/7-1-scaled.jpg);\"><\/div><div class=\"img-item\" style=\"background-image: url(https:\/\/luovatechnologie.com\/wp-content\/uploads\/2020\/01\/12-scaled.jpg);\"><\/div><div class=\"img-item\" style=\"background-image: url(https:\/\/luovatechnologie.com\/wp-content\/uploads\/2020\/01\/2-1-scaled.jpg);\"><\/div><div class=\"img-item\" style=\"background-image: url(https:\/\/luovatechnologie.com\/wp-content\/uploads\/2020\/01\/billboard_mockup_02-scaled.jpg);\"><\/div><div class=\"img-item\" style=\"background-image: url(https:\/\/luovatechnologie.com\/wp-content\/uploads\/2020\/01\/11.png);\"><\/div><\/div><div class=\"content\"><div class=\"cell\">      <div class=\"heading-block heading-5e2b52cb65bd6 tal h-h2 with-line\">\n                  <div class=\"sub-h\">Ce que nous faisons<\/div>\n                  <h2 class=\"h\">Conception graphique<\/h2>\n              <\/div>\n    \n\t<div class=\"wpb_text_column wpb_content_element\" >\n\t\t<div class=\"wpb_wrapper\">\n\t\t\t<p><span style=\"font-weight: 300; line-height: 30px;\">Nos concepteurs savent que le travail r\u00e9volutionnaire repose sur la prochaine grande id\u00e9e. notre processus cr\u00e9atif commence par le \u00abpourquoi\u00bb et se termine par le \u00abwow\u00bb. Chaque \u00e9l\u00e9ment de contenu que vous publiez doit \u00eatre renforc\u00e9 par une conception brillante pour aider \u00e0 impliquer votre public et \u00e0 communiquer efficacement votre message.<\/span><\/p>\n\n\t\t<\/div>\n\t<\/div>\n    <div class=\"icon-box-block icon-box-block-5e55c5b419331 row\">\n          <div class=\"col-4 col-sm-4 col-md-4 col-lg-4 col-xl-4\">\n      <div class=\"icon-box icon-box-style-5e2b52dbe9ff6\">\n                  <div class=\"icon\"><i class=\"web-design-icon-png\"><\/i><\/div>\n              <\/div>\n    <\/div>\n        <div class=\"col-4 col-sm-4 col-md-4 col-lg-4 col-xl-4\">\n      <div class=\"icon-box icon-box-style-5e2b52ef79be3\">\n                  <div class=\"icon\"><i class=\"web-design-icon-eps\"><\/i><\/div>\n              <\/div>\n    <\/div>\n        <div class=\"col-4 col-sm-4 col-md-4 col-lg-4 col-xl-4\">\n      <div class=\"icon-box icon-box-style-5e2b531a8e831\">\n                  <div class=\"icon\"><i class=\"web-design-icon-psd\"><\/i><\/div>\n              <\/div>\n    <\/div>\n        <div class=\"col-4 col-sm-4 col-md-4 col-lg-4 col-xl-4\">\n      <div class=\"icon-box icon-box-style-5e2b53b68777e\">\n                  <div class=\"icon\"><i class=\"web-design-icon-jpg\"><\/i><\/div>\n              <\/div>\n    <\/div>\n        <div class=\"col-4 col-sm-4 col-md-4 col-lg-4 col-xl-4\">\n      <div class=\"icon-box icon-box-style-5e2b53dc6e81f\">\n                  <div class=\"icon\"><i class=\"web-design-icon-ai\"><\/i><\/div>\n              <\/div>\n    <\/div>\n        <div class=\"col-4 col-sm-4 col-md-4 col-lg-4 col-xl-4\">\n      <div class=\"icon-box icon-box-style-5e2b53ebd8cee\">\n                  <div class=\"icon\"><i class=\"web-design-icon-svg\"><\/i><\/div>\n              <\/div>\n    <\/div>\n        <\/div>\n    <\/div><\/div><\/div><div class=\"item\"><div class=\"image\"><div class=\"img-item\" style=\"background-image: url(https:\/\/luovatechnologie.com\/wp-content\/uploads\/2020\/02\/Social-Media.jpg);\"><\/div><div class=\"img-item\" style=\"background-image: url(https:\/\/luovatechnologie.com\/wp-content\/uploads\/2020\/01\/DEABOR-POST-3-01.jpg);\"><\/div><div class=\"img-item\" style=\"background-image: url(https:\/\/luovatechnologie.com\/wp-content\/uploads\/2020\/01\/11-scaled.jpg);\"><\/div><div class=\"img-item\" style=\"background-image: url(https:\/\/luovatechnologie.com\/wp-content\/uploads\/2020\/01\/page-5.png);\"><\/div><div class=\"img-item\" style=\"background-image: url(https:\/\/luovatechnologie.com\/wp-content\/uploads\/2020\/01\/7-1-scaled.jpg);\"><\/div><div class=\"img-item\" style=\"background-image: url(https:\/\/luovatechnologie.com\/wp-content\/uploads\/2020\/01\/2-1-scaled.jpg);\"><\/div><\/div><div class=\"content\"><div class=\"cell\">      <div class=\"heading-block heading-5e2b5a9cb4d7a tal h-h2 with-line\">\n                  <div class=\"sub-h\">Ce que nous faisons<\/div>\n                  <h2 class=\"h\">Marketing des m\u00e9dias sociaux<\/h2>\n              <\/div>\n    \n\t<div class=\"wpb_text_column wpb_content_element\" >\n\t\t<div class=\"wpb_wrapper\">\n\t\t\t<p><span style=\"font-weight: 300; line-height: 30px;\">Les m\u00e9dias sociaux sont le meilleur moyen de dialoguer avec les personnes qui comptent le plus pour votre entreprise: vos clients. Nous travaillons avec des marques et des entreprises de tous les m\u00e9dias poss\u00e9d\u00e9s, gagn\u00e9s et pay\u00e9s pour cr\u00e9er des campagnes dynamiques qui parlent aux personnes parfaites, sur la plate-forme parfaite, au moment id\u00e9al. Nos services de m\u00e9dias sociaux incluent la gestion communautaire, l&#039;\u00e9coute sociale, la mise en \u0153uvre de campagnes \u00e0 grande \u00e9chelle et les int\u00e9grations de micro \/ macro influenceurs<\/span><\/p>\n\n\t\t<\/div>\n\t<\/div>\n    <div class=\"icon-box-block icon-box-block-5e55c5ac6f909 row\">\n          <div class=\"col-4 col-sm-4 col-md-4 col-lg-4 col-xl-4\">\n      <div class=\"icon-box icon-box-style-5e2b5b2e30399\">\n                  <div class=\"icon\"><i class=\"fab fa-facebook-square\"><\/i><\/div>\n              <\/div>\n    <\/div>\n        <div class=\"col-4 col-sm-4 col-md-4 col-lg-4 col-xl-4\">\n      <div class=\"icon-box icon-box-style-5e2b5b419faf4\">\n                  <div class=\"icon\"><i class=\"fab fa-instagram\"><\/i><\/div>\n              <\/div>\n    <\/div>\n        <div class=\"col-4 col-sm-4 col-md-4 col-lg-4 col-xl-4\">\n      <div class=\"icon-box icon-box-style-5e2b5b50f4df1\">\n                  <div class=\"icon\"><i class=\"fab fa-youtube\"><\/i><\/div>\n              <\/div>\n    <\/div>\n        <\/div>\n    <\/div><\/div><\/div><div class=\"item\"><div class=\"image\"><div class=\"img-item\" style=\"background-image: url(https:\/\/luovatechnologie.com\/wp-content\/uploads\/2020\/02\/contacts.jpg);\"><\/div><\/div><div class=\"content\"><div class=\"cell\">      <div class=\"heading-block heading-5d66763b0e3fb tal h-h2 with-line\">\n                  <div class=\"sub-h\">Nous contacter<\/div>\n                  <h2 class=\"h\">Allons travailler<br \/>\n<span>Ensemble<\/span><\/h2>\n              <\/div>\n    \n\t<div class=\"wpb_raw_code wpb_raw_html wpb_content_element\" >\n\t\t<div class=\"wpb_wrapper\">\n\t\t\t<div class=\"contact-row\"><i class=\"base-icon-phone-call\"><\/i><span>+212 677-619-055<\/span><\/div>\n<div class=\"contact-row\"><i class=\"base-icon-envelope\"><\/i><span>contact@luovatechnologies.com<\/span><\/div>\n<div class=\"contact-row\"><i class=\"base-icon-placeholder\"><\/i><span>Martil, T\u00e9touan \/ Casablanca<\/span><\/div>\n\t\t<\/div>\n\t<\/div>\n\n\t<div class=\"wpb_text_column wpb_content_element\" >\n\t\t<div class=\"wpb_wrapper\">\n\t\t\t\n<div class=\"wpcf7 no-js\" id=\"wpcf7-f1425-o1\" lang=\"en-US\" dir=\"ltr\" data-wpcf7-id=\"1425\">\n<div class=\"screen-reader-response\"><p role=\"status\" aria-live=\"polite\" aria-atomic=\"true\"><\/p> <ul><\/ul><\/div>\n<form action=\"\/fr\/wp-json\/wp\/v2\/pages\/1019#wpcf7-f1425-o1\" method=\"post\" class=\"wpcf7-form init\" aria-label=\"Contact form\" novalidate=\"novalidate\" data-status=\"init\" data-trp-original-action=\"\/fr\/wp-json\/wp\/v2\/pages\/1019#wpcf7-f1425-o1\">\n<fieldset class=\"hidden-fields-container\"><input type=\"hidden\" name=\"_wpcf7\" value=\"1425\" \/><input type=\"hidden\" name=\"_wpcf7_version\" value=\"6.1.5\" \/><input type=\"hidden\" name=\"_wpcf7_locale\" value=\"en_US\" \/><input type=\"hidden\" name=\"_wpcf7_unit_tag\" value=\"wpcf7-f1425-o1\" \/><input type=\"hidden\" name=\"_wpcf7_container_post\" value=\"0\" \/><input type=\"hidden\" name=\"_wpcf7_posted_data_hash\" value=\"\" \/>\n<\/fieldset>\n<div class=\"contact-form row\">\n  <div class=\"col-12 col-sm-6 col-md-6 col-lg-6\"><span class=\"wpcf7-form-control-wrap\" data-name=\"f-name\"><input size=\"40\" maxlength=\"400\" class=\"wpcf7-form-control wpcf7-text wpcf7-validates-as-required style4\" aria-required=\"true\" aria-invalid=\"false\" placeholder=\"Entrez votre nom...\" value=\"\" type=\"text\" name=\"f-name\" \/><\/span><\/div>\n  <div class=\"col-12 col-sm-6 col-md-6 col-lg-6\"><span class=\"wpcf7-form-control-wrap\" data-name=\"f-mail\"><input size=\"40\" maxlength=\"400\" class=\"wpcf7-form-control wpcf7-text wpcf7-validates-as-required style4\" aria-required=\"true\" aria-invalid=\"false\" placeholder=\"Entrer votre Email...\" value=\"\" type=\"text\" name=\"f-mail\" \/><\/span><\/div>\n  <div class=\"col-12\"><span class=\"wpcf7-form-control-wrap\" data-name=\"f-message\"><textarea cols=\"40\" rows=\"2\" maxlength=\"2000\" class=\"wpcf7-form-control wpcf7-textarea style4\" aria-invalid=\"false\" placeholder=\"Entrez votre commentaire ...\" name=\"f-message\"><\/textarea><\/span><\/div>\n  <div class=\"col-12\"><button type=\"submit\" class=\"button-style2\">envoie le maintenant<\/button><\/div>\n<\/div><p style=\"display: none !important;\" class=\"akismet-fields-container\" data-prefix=\"_wpcf7_ak_\"><label>&#916;<textarea name=\"_wpcf7_ak_hp_textarea\" cols=\"45\" rows=\"8\" maxlength=\"100\"><\/textarea><\/label><input type=\"hidden\" id=\"ak_js_1\" name=\"_wpcf7_ak_js\" value=\"63\"\/><script>document.getElementById( \"ak_js_1\" ).setAttribute( \"value\", ( new Date() ).getTime() );<\/script><\/p><div class=\"wpcf7-response-output\" aria-hidden=\"true\"><\/div>\n<input type=\"hidden\" name=\"trp-form-language\" value=\"fr\"\/><\/form>\n<\/div>\n\n\n\t\t<\/div>\n\t<\/div>\n<\/div><\/div><\/div><\/div><\/div><\/div><\/div><\/div><div class=\"vc_row-full-width vc_clearfix\"><\/div>\n<\/div>","protected":false},"excerpt":{"rendered":"What We Do Web Design Web design is more than just pretty images on a screen. At Luova Technologie, We believe your website is the natural extension of your brand\u2019s story that sets the tone for your online presence. Our collaborative process involves you and your team every step of the way, ensuring that your [...]","protected":false},"author":1,"featured_media":0,"parent":0,"menu_order":0,"comment_status":"closed","ping_status":"closed","template":"template-landing.php","meta":{"footnotes":""},"class_list":["post-1019","page","type-page","status-publish","hentry"],"_links":{"self":[{"href":"https:\/\/luovatechnologie.com\/fr\/wp-json\/wp\/v2\/pages\/1019","targetHints":{"allow":["GET"]}}],"collection":[{"href":"https:\/\/luovatechnologie.com\/fr\/wp-json\/wp\/v2\/pages"}],"about":[{"href":"https:\/\/luovatechnologie.com\/fr\/wp-json\/wp\/v2\/types\/page"}],"author":[{"embeddable":true,"href":"https:\/\/luovatechnologie.com\/fr\/wp-json\/wp\/v2\/users\/1"}],"replies":[{"embeddable":true,"href":"https:\/\/luovatechnologie.com\/fr\/wp-json\/wp\/v2\/comments?post=1019"}],"version-history":[{"count":0,"href":"https:\/\/luovatechnologie.com\/fr\/wp-json\/wp\/v2\/pages\/1019\/revisions"}],"wp:attachment":[{"href":"https:\/\/luovatechnologie.com\/fr\/wp-json\/wp\/v2\/media?parent=1019"}],"curies":[{"name":"wp","href":"https:\/\/api.w.org\/{rel}","templated":true}]}}